{"id":113785,"date":"2023-12-18T08:37:58","date_gmt":"2023-12-18T07:37:58","guid":{"rendered":"https:\/\/www.luciferos.eu\/?page_id=113785"},"modified":"2023-12-20T11:18:22","modified_gmt":"2023-12-20T10:18:22","slug":"cosa-facciamo","status":"publish","type":"page","link":"https:\/\/www.luciferos.eu\/it\/cosa-facciamo\/","title":{"rendered":"Cosa facciamo"},"content":{"rendered":"<div class=\"wpb-content-wrapper\"><p>[vc_row css_animation=&#8221;&#8221; row_type=&#8221;row&#8221; use_row_as_full_screen_section=&#8221;no&#8221; type=&#8221;full_width&#8221; angled_section=&#8221;no&#8221; text_align=&#8221;left&#8221; background_image_as_pattern=&#8221;without_pattern&#8221;][vc_column][vc_row_inner row_type=&#8221;row&#8221; type=&#8221;full_width&#8221; text_align=&#8221;left&#8221; css_animation=&#8221;&#8221;][vc_column_inner][vc_column_text]<\/p>\n<h1 style=\"text-align: center;\"><span style=\"color: #000000;\"><strong>Cosa facciamo<\/strong><\/span><\/h1>\n<p>[\/vc_column_text][vc_empty_space][vc_single_image image=&#8221;113872&#8243; img_size=&#8221;full&#8221; alignment=&#8221;center&#8221; qode_css_animation=&#8221;&#8221;][vc_empty_space][\/vc_column_inner][\/vc_row_inner][\/vc_column][\/vc_row][vc_row css_animation=&#8221;&#8221; row_type=&#8221;row&#8221; use_row_as_full_screen_section=&#8221;no&#8221; type=&#8221;full_width&#8221; angled_section=&#8221;no&#8221; text_align=&#8221;left&#8221; background_image_as_pattern=&#8221;without_pattern&#8221;][vc_column width=&#8221;1\/2&#8243;][vc_column_text]<\/p>\n<pre><strong>DISTRIBUZIONE<\/strong><\/pre>\n<h3><strong>Fatto in Italia, distribuito nel\u00a0 mondo.<\/strong><\/h3>\n<p>&nbsp;<\/p>\n<p>Essere italiani \u00e8 un sentimento di cui andiamo orgogliosi. Proporre e veicolare un valore fondamentale come il Made in Italy \u00e8, quindi, parte essenziale di ogni nostra azione. Ed \u00e8 proprio da Bologna che la nostra visione si apre a tutto il mondo. Un respiro che si fa internazionale, rimanendo sempre ben conscio della propria identit\u00e0.[\/vc_column_text][vc_empty_space][\/vc_column][vc_column width=&#8221;1\/2&#8243;][vc_single_image image=&#8221;113801&#8243; img_size=&#8221;large&#8221; qode_css_animation=&#8221;&#8221;][vc_empty_space][\/vc_column][\/vc_row][vc_row css_animation=&#8221;&#8221; row_type=&#8221;row&#8221; use_row_as_full_screen_section=&#8221;no&#8221; type=&#8221;full_width&#8221; angled_section=&#8221;no&#8221; text_align=&#8221;left&#8221; background_image_as_pattern=&#8221;without_pattern&#8221;][vc_column][vc_separator type=&#8221;normal&#8221; color=&#8221;#a3a3a3&#8243;][\/vc_column][\/vc_row][vc_row css_animation=&#8221;&#8221; row_type=&#8221;row&#8221; use_row_as_full_screen_section=&#8221;no&#8221; type=&#8221;full_width&#8221; angled_section=&#8221;no&#8221; text_align=&#8221;left&#8221; background_image_as_pattern=&#8221;without_pattern&#8221;][vc_column width=&#8221;1\/2&#8243;][vc_empty_space][vc_single_image image=&#8221;113827&#8243; img_size=&#8221;large&#8221; alignment=&#8221;right&#8221; qode_css_animation=&#8221;&#8221;][\/vc_column][vc_column width=&#8221;1\/2&#8243;][vc_empty_space][vc_column_text]<\/p>\n<pre><strong>GREEN INDOOR LIGHTING\r\n\r\n<\/strong><\/pre>\n<p>In campo indoor, non \u00e8 sempre possibile donare al proprio habitat green un\u2019illuminazione funzionale. Le motivazioni sono molteplici. Ogni pianta ha esigenze particolari, di intensit\u00e0 come di spettri luminosi specifici. Partendo da questi assunti, la nostra progettualit\u00e0 si \u00e8 spinta in un nuovo campo di specializzazione. Dedicato alla luce artificiale naturale. Lucifero\u2019s propone, infatti, sistemi di illuminazione cablati con LED HC (Horticulture) a spettro dedicato alle piante ornamentali. Sistemi lineari con piastre LED ed ottiche per illuminazione in radenza e wallwasher per pareti verdi o proiettori equipaggiati con COBHC per illuminazione di accento di piante singole od aree verdi indoor.[\/vc_column_text][\/vc_column][\/vc_row][vc_row css_animation=&#8221;&#8221; row_type=&#8221;row&#8221; use_row_as_full_screen_section=&#8221;no&#8221; type=&#8221;full_width&#8221; angled_section=&#8221;no&#8221; text_align=&#8221;left&#8221; background_image_as_pattern=&#8221;without_pattern&#8221;][vc_column][vc_empty_space][vc_empty_space][vc_column_text]<\/p>\n<h2 style=\"text-align: center;\">Quando parliamo di fotobiologia, ci ritroviamo nel campo delle interazioni tra luce e sistemi biologici.<br \/>\nUna disciplina che si focalizza sui processi primari della fotosintesi per definire le relazioni esistenti tra funzione e struttura biologica. Un tema che, ad ampio raggio, coinvolge anche l\u2019abitare umano.<\/h2>\n<p>[\/vc_column_text][vc_empty_space][vc_empty_space][vc_single_image image=&#8221;113825&#8243; img_size=&#8221;full&#8221; qode_css_animation=&#8221;&#8221;][\/vc_column][\/vc_row][vc_row css_animation=&#8221;&#8221; row_type=&#8221;row&#8221; use_row_as_full_screen_section=&#8221;no&#8221; type=&#8221;full_width&#8221; angled_section=&#8221;no&#8221; text_align=&#8221;left&#8221; background_image_as_pattern=&#8221;without_pattern&#8221;][vc_column width=&#8221;1\/2&#8243;][vc_empty_space][vc_column_text]<\/p>\n<pre><strong>HUMAN CENTRIC LIGHTING<\/strong><\/pre>\n<h3><strong>Siamo consci dell\u2019impatto biologico ed emotivo, non soltanto visivo, della luce sull\u2019essere umano. Per questo progettiamo ponendo, come soggetto del nostro lavoro, la persona. Con i suoi bisogni, le sue necessit\u00e0.<\/strong><\/h3>\n<p>[\/vc_column_text][vc_empty_space][\/vc_column][vc_column width=&#8221;1\/2&#8243;][vc_empty_space][vc_column_text]L\u2019illuminazione \u00e8 un elemento essenziale in ambienti di qualit\u00e0 che supportano la salute e il benessere riducendo il consumo di energia. Come la progettazione acustica, la progettazione illuminotecnica pu\u00f2 avere effetti positivi o negativi sulle persone, soprattutto negli spazi in cui trascorrono molto tempo, come scuole e uffici. Si \u00e8 dimostrato, infatti, che vi \u00e8 una correlazione positiva tra condizioni di illuminazione di qualit\u00e0 e miglioramento della produttivit\u00e0, dell\u2019attenzione e dell\u2019umore. Per fare ci\u00f2 Lucifero\u2019s combina la propria esperienza con la tecnologia, attraverso l\u2019uso di sensori e sistemi di controllo TUNABLE WHITE (che permette una variazione dell\u2019intensit\u00e0 e della temperatura colore) e l\u2019attenzione alla luce naturale. Per un\u2019illuminazione intelligente e integrata, a misura d\u2019uomo.[\/vc_column_text][vc_empty_space][\/vc_column][\/vc_row][vc_row css_animation=&#8221;&#8221; row_type=&#8221;row&#8221; use_row_as_full_screen_section=&#8221;no&#8221; type=&#8221;full_width&#8221; angled_section=&#8221;no&#8221; text_align=&#8221;left&#8221; background_image_as_pattern=&#8221;without_pattern&#8221;][vc_column][vc_separator type=&#8221;normal&#8221; color=&#8221;#a3a3a3&#8243;][\/vc_column][\/vc_row][vc_row css_animation=&#8221;&#8221; row_type=&#8221;row&#8221; use_row_as_full_screen_section=&#8221;no&#8221; type=&#8221;full_width&#8221; angled_section=&#8221;no&#8221; text_align=&#8221;left&#8221; background_image_as_pattern=&#8221;without_pattern&#8221;][vc_column width=&#8221;1\/2&#8243;][vc_empty_space][vc_single_image image=&#8221;113832&#8243; img_size=&#8221;large&#8221; alignment=&#8221;right&#8221; qode_css_animation=&#8221;&#8221;][vc_empty_space][\/vc_column][vc_column width=&#8221;1\/2&#8243;][vc_empty_space][vc_column_text]<\/p>\n<pre><strong>TAILOR MADE<\/strong><\/pre>\n<h3><strong>Caratterizziamo l\u2019output di Lucifero\u2019s in base alle esigenze di mercato e dei nostri clienti.<\/strong><\/h3>\n<p>&nbsp;<\/p>\n<p>Come in un vero e proprio laboratorio sartoriale, ci\u00f2 che ci permette di essere un partner essenziale \u00e8 l\u2019ascolto e la comprensione. Una sensibilit\u00e0 che ha arricchito la nostra proposta di elementi essenziali quali la forte propensione alla personalizzazione e l\u2019attenzione specifica per il product look &amp; feel. Perseguendo questo approccio anche in versione digital, abbiamo concretizzato pi\u00f9 di 30.000 codici in un configuratore che accoglie profili, finiture, composizioni, moduli e alimentazioni. Una sfida che riassume il connubio tra la fisica dei materiali, le specifiche illuminotecniche in simbiosi con la nostra creativit\u00e0 e la nostra vena artigianale. Per esservi vicini in qualsiasi fase di progetto.[\/vc_column_text][vc_empty_space][\/vc_column][\/vc_row][vc_row css_animation=&#8221;&#8221; row_type=&#8221;row&#8221; use_row_as_full_screen_section=&#8221;no&#8221; type=&#8221;full_width&#8221; angled_section=&#8221;no&#8221; text_align=&#8221;left&#8221; background_image_as_pattern=&#8221;without_pattern&#8221;][vc_column][vc_separator type=&#8221;normal&#8221; color=&#8221;#a3a3a3&#8243;][\/vc_column][\/vc_row][vc_row css_animation=&#8221;&#8221; row_type=&#8221;row&#8221; use_row_as_full_screen_section=&#8221;no&#8221; type=&#8221;full_width&#8221; angled_section=&#8221;no&#8221; text_align=&#8221;left&#8221; background_image_as_pattern=&#8221;without_pattern&#8221;][vc_column width=&#8221;1\/2&#8243;][vc_empty_space height=&#8221;96px&#8221;][vc_single_image image=&#8221;113834&#8243; img_size=&#8221;large&#8221; alignment=&#8221;right&#8221; qode_css_animation=&#8221;&#8221;][vc_empty_space height=&#8221;96px&#8221;][vc_column_text]<\/p>\n<pre><strong>YOUR KIND OF LIGHT\r\n\r\n<\/strong><\/pre>\n<p>Soluzioni innovative ed altamente personalizzate che soddisfano requisiti di alto standard in termini di compatibilit\u00e0, efficienza ed ergonomia.[\/vc_column_text][\/vc_column][vc_column width=&#8221;1\/2&#8243;][vc_empty_space height=&#8221;96px&#8221;][vc_single_image image=&#8221;114006&#8243; img_size=&#8221;large&#8221; qode_css_animation=&#8221;&#8221;][vc_empty_space height=&#8221;96px&#8221;][\/vc_column][\/vc_row][vc_row css_animation=&#8221;&#8221; row_type=&#8221;row&#8221; use_row_as_full_screen_section=&#8221;no&#8221; type=&#8221;full_width&#8221; angled_section=&#8221;no&#8221; text_align=&#8221;left&#8221; background_image_as_pattern=&#8221;without_pattern&#8221;][vc_column][vc_empty_space height=&#8221;96px&#8221;]<a  itemprop=\"url\" href=\"https:\/\/www.luciferos.eu\/it\/progetti\/\" target=\"_self\"  class=\"qbutton  default\" style=\"background-color:#919191;\">Scopri i nostri progetti<\/a>[vc_empty_space height=&#8221;96px&#8221;][vc_separator type=&#8221;normal&#8221; color=&#8221;#a3a3a3&#8243;][\/vc_column][\/vc_row][vc_row css_animation=&#8221;&#8221; row_type=&#8221;row&#8221; use_row_as_full_screen_section=&#8221;no&#8221; type=&#8221;full_width&#8221; angled_section=&#8221;no&#8221; text_align=&#8221;left&#8221; background_image_as_pattern=&#8221;without_pattern&#8221;][vc_column][vc_column_text]<\/p>\n<h1><strong><span style=\"color: #000000;\">Prodotti consigliati<\/span><\/strong><\/h1>\n<p>[\/vc_column_text][vc_empty_space height=&#8221;96px&#8221;][\/vc_column][\/vc_row][vc_row css_animation=&#8221;&#8221; row_type=&#8221;row&#8221; use_row_as_full_screen_section=&#8221;no&#8221; type=&#8221;full_width&#8221; angled_section=&#8221;no&#8221; text_align=&#8221;left&#8221; background_image_as_pattern=&#8221;without_pattern&#8221;][vc_column width=&#8221;1\/4&#8243;][vc_single_image image=&#8221;113999&#8243; img_size=&#8221;medium&#8221; onclick=&#8221;custom_link&#8221; qode_css_animation=&#8221;&#8221; link=&#8221;http:\/\/www.luciferos.eu\/it\/family\/file-flex-sistema\/&#8221;][vc_empty_space height=&#8221;96px&#8221;][\/vc_column][vc_column width=&#8221;1\/4&#8243;][vc_single_image image=&#8221;113960&#8243; img_size=&#8221;medium&#8221; onclick=&#8221;custom_link&#8221; qode_css_animation=&#8221;&#8221; link=&#8221;http:\/\/www.luciferos.eu\/it\/family\/minifile\/&#8221;][vc_empty_space height=&#8221;96px&#8221;][\/vc_column][vc_column width=&#8221;1\/4&#8243;][vc_single_image image=&#8221;113966&#8243; img_size=&#8221;medium&#8221; onclick=&#8221;custom_link&#8221; qode_css_animation=&#8221;&#8221; link=&#8221;http:\/\/www.luciferos.eu\/it\/family\/minifile-openlight\/&#8221;][vc_empty_space height=&#8221;96px&#8221;][\/vc_column][vc_column width=&#8221;1\/4&#8243;][vc_single_image image=&#8221;113964&#8243; img_size=&#8221;medium&#8221; onclick=&#8221;custom_link&#8221; qode_css_animation=&#8221;&#8221; link=&#8221;http:\/\/www.luciferos.eu\/it\/family\/file\/&#8221;][vc_empty_space height=&#8221;96px&#8221;][\/vc_column][\/vc_row]<\/p>\n<\/div>","protected":false},"excerpt":{"rendered":"<p>[vc_row css_animation=&#8221;&#8221; row_type=&#8221;row&#8221; use_row_as_full_screen_section=&#8221;no&#8221; type=&#8221;full_width&#8221; angled_section=&#8221;no&#8221; text_align=&#8221;left&#8221; background_image_as_pattern=&#8221;without_pattern&#8221;][vc_column][vc_row_inner row_type=&#8221;row&#8221; type=&#8221;full_width&#8221; text_align=&#8221;left&#8221; css_animation=&#8221;&#8221;][vc_column_inner][vc_column_text] Cosa facciamo [\/vc_column_text][vc_empty_space][vc_single_image image=&#8221;113872&#8243; img_size=&#8221;full&#8221; alignment=&#8221;center&#8221; qode_css_animation=&#8221;&#8221;][vc_empty_space][\/vc_column_inner][\/vc_row_inner][\/vc_column][\/vc_row][vc_row css_animation=&#8221;&#8221; row_type=&#8221;row&#8221; use_row_as_full_screen_section=&#8221;no&#8221; type=&#8221;full_width&#8221; angled_section=&#8221;no&#8221; text_align=&#8221;left&#8221; background_image_as_pattern=&#8221;without_pattern&#8221;][vc_column width=&#8221;1\/2&#8243;][vc_column_text] DISTRIBUZIONE Fatto in Italia, distribuito nel\u00a0 mondo. &nbsp; Essere italiani \u00e8 un sentimento di cui andiamo orgogliosi. Proporre&#8230;<\/p>\n","protected":false},"author":20,"featured_media":0,"parent":0,"menu_order":0,"comment_status":"closed","ping_status":"closed","template":"","meta":{"_acf_changed":false,"footnotes":""},"class_list":["post-113785","page","type-page","status-publish","hentry"],"acf":[],"_links":{"self":[{"href":"https:\/\/www.luciferos.eu\/it\/wp-json\/wp\/v2\/pages\/113785","targetHints":{"allow":["GET"]}}],"collection":[{"href":"https:\/\/www.luciferos.eu\/it\/wp-json\/wp\/v2\/pages"}],"about":[{"href":"https:\/\/www.luciferos.eu\/it\/wp-json\/wp\/v2\/types\/page"}],"author":[{"embeddable":true,"href":"https:\/\/www.luciferos.eu\/it\/wp-json\/wp\/v2\/users\/20"}],"replies":[{"embeddable":true,"href":"https:\/\/www.luciferos.eu\/it\/wp-json\/wp\/v2\/comments?post=113785"}],"version-history":[{"count":10,"href":"https:\/\/www.luciferos.eu\/it\/wp-json\/wp\/v2\/pages\/113785\/revisions"}],"predecessor-version":[{"id":114209,"href":"https:\/\/www.luciferos.eu\/it\/wp-json\/wp\/v2\/pages\/113785\/revisions\/114209"}],"wp:attachment":[{"href":"https:\/\/www.luciferos.eu\/it\/wp-json\/wp\/v2\/media?parent=113785"}],"curies":[{"name":"wp","href":"https:\/\/api.w.org\/{rel}","templated":true}]}}